{"id":23,"date":"2025-08-17T18:19:03","date_gmt":"2025-08-17T18:19:03","guid":{"rendered":"https:\/\/spinnakered.com\/?page_id=23"},"modified":"2025-08-23T17:08:11","modified_gmt":"2025-08-23T17:08:11","slug":"home-spinnakered","status":"publish","type":"page","link":"https:\/\/spinnakered.com\/","title":{"rendered":"Mundo SpinnakerED"},"content":{"rendered":"\n<div class=\"wp-block-group alignfull has-global-padding is-layout-constrained wp-container-core-group-is-layout-490fa1db wp-block-group-is-layout-constrained\" style=\"padding-top:var(--wp--preset--spacing--50);padding-right:var(--wp--preset--spacing--50);padding-bottom:var(--wp--preset--spacing--50);padding-left:var(--wp--preset--spacing--50)\">\n<figure class=\"wp-block-image alignwide size-full is-style-rounded is-style-rounded--1\"><img loading=\"lazy\" decoding=\"async\" width=\"2560\" height=\"1024\" src=\"https:\/\/spinnakered.com\/wp-content\/uploads\/2025\/08\/SpinnakerED-1080-x-600-px-900-x-200-px-1500-x-500-px-3000-x-1200-px-3-scaled.png\" alt=\"\" class=\"wp-image-101\" srcset=\"https:\/\/spinnakered.com\/wp-content\/uploads\/2025\/08\/SpinnakerED-1080-x-600-px-900-x-200-px-1500-x-500-px-3000-x-1200-px-3-scaled.png 2560w, https:\/\/spinnakered.com\/wp-content\/uploads\/2025\/08\/SpinnakerED-1080-x-600-px-900-x-200-px-1500-x-500-px-3000-x-1200-px-3-300x120.png 300w, https:\/\/spinnakered.com\/wp-content\/uploads\/2025\/08\/SpinnakerED-1080-x-600-px-900-x-200-px-1500-x-500-px-3000-x-1200-px-3-1024x410.png 1024w, https:\/\/spinnakered.com\/wp-content\/uploads\/2025\/08\/SpinnakerED-1080-x-600-px-900-x-200-px-1500-x-500-px-3000-x-1200-px-3-768x307.png 768w, https:\/\/spinnakered.com\/wp-content\/uploads\/2025\/08\/SpinnakerED-1080-x-600-px-900-x-200-px-1500-x-500-px-3000-x-1200-px-3-1536x614.png 1536w, https:\/\/spinnakered.com\/wp-content\/uploads\/2025\/08\/SpinnakerED-1080-x-600-px-900-x-200-px-1500-x-500-px-3000-x-1200-px-3-2048x819.png 2048w\" sizes=\"auto, (max-width: 2560px) 100vw, 2560px\" \/><\/figure>\n<\/div>\n\n\n\n<div class=\"wp-block-group alignfull has-base-2-background-color has-background has-global-padding is-layout-constrained wp-container-core-group-is-layout-669513ed wp-block-group-is-layout-constrained\" style=\"margin-top:0;margin-bottom:0;padding-top:var(--wp--preset--spacing--50);padding-right:var(--wp--preset--spacing--50);padding-bottom:var(--wp--preset--spacing--50);padding-left:var(--wp--preset--spacing--50)\">\n<div class=\"wp-block-group is-vertical is-content-justification-center is-layout-flex wp-container-core-group-is-layout-52b864f0 wp-block-group-is-layout-flex\">\n<h2 class=\"wp-block-heading has-text-align-center is-style-asterisk\">Pasi\u00f3n por el conocimiento<\/h2>\n\n\n\n<div style=\"height:0px\" aria-hidden=\"true\" class=\"wp-block-spacer wp-container-content-4f2ccadb\"><\/div>\n\n\n\n<p class=\"has-text-align-center\">Prepara tu oposici\u00f3n para obtener un futuro como militar de carrera en las Fuerzas Armadas, servir a Espa\u00f1a y mejorar profesionalmente.<\/p>\n<\/div>\n\n\n\n<div style=\"margin-top:0;margin-bottom:0;height:var(--wp--preset--spacing--40)\" aria-hidden=\"true\" class=\"wp-block-spacer\"><\/div>\n\n\n\n<div class=\"wp-block-columns alignwide is-layout-flex wp-container-core-columns-is-layout-d0bbbce0 wp-block-columns-is-layout-flex\">\n<div class=\"wp-block-column is-layout-flow wp-container-core-column-is-layout-e3d1c41b wp-block-column-is-layout-flow\">\n<h3 class=\"wp-block-heading has-text-align-left is-style-asterisk has-body-font-family has-medium-font-size\" style=\"font-style:normal;font-weight:600\">Actualizaci\u00f3n continua<\/h3>\n\n\n\n<p class=\"has-text-align-left\">Lo m\u00e1s actualizado en tiempo y forma, materiales de estudio resuenan profundamente.<\/p>\n<\/div>\n\n\n\n<div class=\"wp-block-column is-layout-flow wp-container-core-column-is-layout-e3d1c41b wp-block-column-is-layout-flow\">\n<h3 class=\"wp-block-heading has-text-align-left is-style-asterisk has-body-font-family has-medium-font-size\" style=\"font-style:normal;font-weight:600\">Soporte continuo<\/h3>\n\n\n\n<p class=\"has-text-align-left\">Siempre tendr\u00e1s el acompa\u00f1amiento y la mentorizaci\u00f3n de los mejores profesionales, con experiencia y dedicaci\u00f3n.<\/p>\n<\/div>\n\n\n\n<div class=\"wp-block-column is-layout-flow wp-container-core-column-is-layout-e3d1c41b wp-block-column-is-layout-flow\">\n<h3 class=\"wp-block-heading has-text-align-left is-style-asterisk has-body-font-family has-medium-font-size\" style=\"font-style:normal;font-weight:600\">Acceso al campus virtual<\/h3>\n\n\n\n<p class=\"has-text-align-left\">Experimenta la fusi\u00f3n de la pr\u00e1ctica y la memorizaci\u00f3n, algo que te llevar\u00e1 al \u00e9xito de mano de tu preparador.<\/p>\n<\/div>\n<\/div>\n<\/div>\n\n\n\n<div class=\"wp-block-group alignfull has-global-padding is-layout-constrained wp-container-core-group-is-layout-d89aad35 wp-block-group-is-layout-constrained\" style=\"margin-top:0;margin-bottom:0;padding-top:var(--wp--preset--spacing--50);padding-right:var(--wp--preset--spacing--50);padding-bottom:var(--wp--preset--spacing--50);padding-left:var(--wp--preset--spacing--50)\">\n<div class=\"wp-block-group alignwide has-global-padding is-layout-constrained wp-container-core-group-is-layout-19e250f3 wp-block-group-is-layout-constrained\">\n<div class=\"wp-block-group is-vertical is-content-justification-center is-layout-flex wp-container-core-group-is-layout-6329a8f3 wp-block-group-is-layout-flex\">\n<h2 class=\"wp-block-heading has-text-align-center is-style-asterisk\">Los mejores recursos<\/h2>\n\n\n\n<p class=\"has-text-align-center\">Campus virtual, ex\u00e1menes, ejercicios, res\u00famenes, actualizaciones cada semana, siente el poder del conocimiento m\u00e1s all\u00e1 de mera informaci\u00f3n.<\/p>\n<\/div>\n\n\n\n<div style=\"height:var(--wp--preset--spacing--40)\" aria-hidden=\"true\" class=\"wp-block-spacer\"><\/div>\n\n\n\n<div class=\"wp-block-columns alignwide is-layout-flex wp-container-core-columns-is-layout-d1c656ed wp-block-columns-is-layout-flex\">\n<div class=\"wp-block-column is-vertically-aligned-center is-layout-flow wp-block-column-is-layout-flow\" style=\"flex-basis:40%\">\n<h3 class=\"wp-block-heading is-style-asterisk\">M\u00e1s que formaci\u00f3n.<\/h3>\n\n\n\n<ul style=\"line-height:1.75\" class=\"wp-block-list is-style-checkmark-list\">\n<li>Futuro profesional.<\/li>\n\n\n\n<li>Enfoque al conocimiento.<\/li>\n\n\n\n<li>Experiencia de primera mano.<\/li>\n<\/ul>\n<\/div>\n\n\n\n<div class=\"wp-block-column is-layout-flow wp-block-column-is-layout-flow\" style=\"flex-basis:50%\">\n<figure class=\"wp-block-image size-large is-style-rounded is-style-rounded--2\"><img loading=\"lazy\" decoding=\"async\" width=\"1024\" height=\"1024\" src=\"https:\/\/spinnakered.com\/wp-content\/uploads\/2025\/08\/Diseno-sin-titulo-6-1024x1024.png\" alt=\"\" class=\"wp-image-34\" srcset=\"https:\/\/spinnakered.com\/wp-content\/uploads\/2025\/08\/Diseno-sin-titulo-6-1024x1024.png 1024w, https:\/\/spinnakered.com\/wp-content\/uploads\/2025\/08\/Diseno-sin-titulo-6-300x300.png 300w, https:\/\/spinnakered.com\/wp-content\/uploads\/2025\/08\/Diseno-sin-titulo-6-150x150.png 150w, https:\/\/spinnakered.com\/wp-content\/uploads\/2025\/08\/Diseno-sin-titulo-6-768x768.png 768w, https:\/\/spinnakered.com\/wp-content\/uploads\/2025\/08\/Diseno-sin-titulo-6-1536x1536.png 1536w, https:\/\/spinnakered.com\/wp-content\/uploads\/2025\/08\/Diseno-sin-titulo-6.png 2048w\" sizes=\"auto, (max-width: 1024px) 100vw, 1024px\" \/><\/figure>\n<\/div>\n<\/div>\n\n\n\n<div style=\"height:var(--wp--preset--spacing--40)\" aria-hidden=\"true\" class=\"wp-block-spacer\"><\/div>\n\n\n\n<div class=\"wp-block-columns alignwide is-layout-flex wp-container-core-columns-is-layout-d1c656ed wp-block-columns-is-layout-flex\">\n<div class=\"wp-block-column is-layout-flow wp-block-column-is-layout-flow\" style=\"flex-basis:50%\">\n<figure class=\"wp-block-image size-large is-style-rounded is-style-rounded--3\"><img loading=\"lazy\" decoding=\"async\" width=\"1024\" height=\"1024\" src=\"https:\/\/spinnakered.com\/wp-content\/uploads\/2025\/08\/Copia-de-Diseno-sin-titulo-1-1024x1024.png\" alt=\"\" class=\"wp-image-66\" srcset=\"https:\/\/spinnakered.com\/wp-content\/uploads\/2025\/08\/Copia-de-Diseno-sin-titulo-1-1024x1024.png 1024w, https:\/\/spinnakered.com\/wp-content\/uploads\/2025\/08\/Copia-de-Diseno-sin-titulo-1-300x300.png 300w, https:\/\/spinnakered.com\/wp-content\/uploads\/2025\/08\/Copia-de-Diseno-sin-titulo-1-150x150.png 150w, https:\/\/spinnakered.com\/wp-content\/uploads\/2025\/08\/Copia-de-Diseno-sin-titulo-1-768x768.png 768w, https:\/\/spinnakered.com\/wp-content\/uploads\/2025\/08\/Copia-de-Diseno-sin-titulo-1-1536x1536.png 1536w, https:\/\/spinnakered.com\/wp-content\/uploads\/2025\/08\/Copia-de-Diseno-sin-titulo-1.png 2048w\" sizes=\"auto, (max-width: 1024px) 100vw, 1024px\" \/><\/figure>\n<\/div>\n\n\n\n<div class=\"wp-block-column is-vertically-aligned-center is-layout-flow wp-block-column-is-layout-flow\" style=\"flex-basis:40%\">\n<h3 class=\"wp-block-heading is-style-asterisk\">Una carrera profesional<\/h3>\n\n\n\n<ul style=\"line-height:1.75\" class=\"wp-block-list is-style-checkmark-list\">\n<li>Destinos en OOII y en embajadas.<\/li>\n\n\n\n<li>M\u00e1ximo nivel de especializaci\u00f3n en el \u00e1mbito directivo p\u00fablico.<\/li>\n\n\n\n<li>Una retribuci\u00f3n en tendencia alcista.<\/li>\n<\/ul>\n<\/div>\n<\/div>\n<\/div>\n<\/div>\n\n\n\n<div class=\"wp-block-group alignfull has-base-color has-contrast-background-color has-text-color has-background has-global-padding is-layout-constrained wp-container-core-group-is-layout-ef3d885c wp-block-group-is-layout-constrained\" style=\"margin-top:0;margin-bottom:0;padding-top:var(--wp--preset--spacing--60);padding-right:var(--wp--preset--spacing--60);padding-bottom:var(--wp--preset--spacing--60);padding-left:var(--wp--preset--spacing--60)\">\n<div class=\"wp-block-group has-global-padding is-layout-constrained wp-block-group-is-layout-constrained\">\n<p class=\"has-text-align-center has-base-color has-text-color has-heading-font-family has-x-large-font-size\" style=\"line-height:1.2\"><em>\u00abLas opciones que te abre tu oposici\u00f3n son enormes, merece la pena invertir un a\u00f1o en adquirir los conocimientos necesarios\u00bb.<\/em><\/p>\n\n\n\n<div style=\"height:var(--wp--preset--spacing--10)\" aria-hidden=\"true\" class=\"wp-block-spacer\"><\/div>\n\n\n\n<div class=\"wp-block-group is-vertical is-content-justification-center is-nowrap is-layout-flex wp-container-core-group-is-layout-2dc08cea wp-block-group-is-layout-flex\">\n<p class=\"has-text-align-center\" style=\"margin-top:var(--wp--preset--spacing--10);margin-bottom:0\">Ana<\/p>\n\n\n\n<p class=\"has-text-align-center has-contrast-3-color has-text-color has-small-font-size\" style=\"font-style:normal;font-weight:300\">Ingresada en 2023 con Spinnaker Econom\u00eda y Derecho<\/p>\n<\/div>\n<\/div>\n<\/div>\n\n\n\n<p><\/p>\n","protected":false},"excerpt":{"rendered":"<p>Pasi\u00f3n por el conocimiento Prepara tu oposici\u00f3n para obtener un futuro como militar de carrera en las Fuerzas Armadas, servir a Espa\u00f1a y mejorar profesionalmente. Actualizaci\u00f3n continua Lo m\u00e1s actualizado en tiempo y forma, materiales de estudio resuenan profundamente. Soporte continuo Siempre tendr\u00e1s el acompa\u00f1amiento y la mentorizaci\u00f3n de los mejores profesionales, con experiencia y [&hellip;]<\/p>\n","protected":false},"author":1,"featured_media":0,"parent":0,"menu_order":0,"comment_status":"closed","ping_status":"closed","template":"","meta":{"footnotes":""},"class_list":["post-23","page","type-page","status-publish","hentry"],"_links":{"self":[{"href":"https:\/\/spinnakered.com\/index.php\/wp-json\/wp\/v2\/pages\/23","targetHints":{"allow":["GET"]}}],"collection":[{"href":"https:\/\/spinnakered.com\/index.php\/wp-json\/wp\/v2\/pages"}],"about":[{"href":"https:\/\/spinnakered.com\/index.php\/wp-json\/wp\/v2\/types\/page"}],"author":[{"embeddable":true,"href":"https:\/\/spinnakered.com\/index.php\/wp-json\/wp\/v2\/users\/1"}],"replies":[{"embeddable":true,"href":"https:\/\/spinnakered.com\/index.php\/wp-json\/wp\/v2\/comments?post=23"}],"version-history":[{"count":23,"href":"https:\/\/spinnakered.com\/index.php\/wp-json\/wp\/v2\/pages\/23\/revisions"}],"predecessor-version":[{"id":102,"href":"https:\/\/spinnakered.com\/index.php\/wp-json\/wp\/v2\/pages\/23\/revisions\/102"}],"wp:attachment":[{"href":"https:\/\/spinnakered.com\/index.php\/wp-json\/wp\/v2\/media?parent=23"}],"curies":[{"name":"wp","href":"https:\/\/api.w.org\/{rel}","templated":true}]}}