{"id":50,"date":"2025-08-20T17:35:39","date_gmt":"2025-08-20T17:35:39","guid":{"rendered":"https:\/\/spinnakered.com\/?page_id=50"},"modified":"2025-08-23T17:01:19","modified_gmt":"2025-08-23T17:01:19","slug":"marketing-digital","status":"publish","type":"page","link":"https:\/\/spinnakered.com\/index.php\/marketing-digital\/","title":{"rendered":"Marketing digital"},"content":{"rendered":"\n<div class=\"wp-block-group alignfull has-accent-background-color has-background has-global-padding is-layout-constrained wp-container-core-group-is-layout-669513ed wp-block-group-is-layout-constrained\" style=\"margin-top:0;margin-bottom:0;padding-top:var(--wp--preset--spacing--50);padding-right:var(--wp--preset--spacing--50);padding-bottom:var(--wp--preset--spacing--50);padding-left:var(--wp--preset--spacing--50)\">\n<div class=\"wp-block-columns alignwide is-layout-flex wp-container-core-columns-is-layout-1da03c2a wp-block-columns-is-layout-flex\">\n<div class=\"wp-block-column is-vertically-aligned-stretch is-layout-flow wp-block-column-is-layout-flow\" style=\"flex-basis:50%\">\n<div class=\"wp-block-group is-vertical is-content-justification-stretch is-layout-flex wp-container-core-group-is-layout-444d5ee8 wp-block-group-is-layout-flex\" style=\"min-height:100%\">\n<p class=\"has-heading-font-family has-x-large-font-size\" style=\"line-height:1.2\">SpinnakerED te permite librarte de actualizar cada d\u00eda tus redes sociales y potencia ese plano de ingresos de tu negocio forzando tr\u00e1fico a trav\u00e9s de tus redes y p\u00e1gina web, conf\u00eda en un dise\u00f1o pro.<\/p>\n\n\n\n<div class=\"wp-block-group has-global-padding is-content-justification-left is-layout-constrained wp-container-core-group-is-layout-9fe8ed88 wp-block-group-is-layout-constrained\">\n<p class=\"wp-container-content-0733e5d0\">Te escuchamos y corregimos rumbo para que tu web y tus redes reflejen lo que quieres!<\/p>\n<\/div>\n<\/div>\n<\/div>\n\n\n\n<div class=\"wp-block-column is-vertically-aligned-center is-layout-flow wp-block-column-is-layout-flow\" style=\"flex-basis:50%\">\n<figure class=\"wp-block-image size-full is-style-rounded is-style-rounded--1\"><img loading=\"lazy\" decoding=\"async\" width=\"500\" height=\"500\" src=\"https:\/\/spinnakered.com\/wp-content\/uploads\/2025\/08\/Diseno-sin-titulo-9.png\" alt=\"\" class=\"wp-image-91\" style=\"aspect-ratio:3\/4;object-fit:cover\" srcset=\"https:\/\/spinnakered.com\/wp-content\/uploads\/2025\/08\/Diseno-sin-titulo-9.png 500w, https:\/\/spinnakered.com\/wp-content\/uploads\/2025\/08\/Diseno-sin-titulo-9-300x300.png 300w, https:\/\/spinnakered.com\/wp-content\/uploads\/2025\/08\/Diseno-sin-titulo-9-150x150.png 150w\" sizes=\"auto, (max-width: 500px) 100vw, 500px\" \/><\/figure>\n<\/div>\n<\/div>\n<\/div>\n\n\n\n<div class=\"wp-block-group alignfull has-base-background-color has-background has-global-padding is-layout-constrained wp-container-core-group-is-layout-d89aad35 wp-block-group-is-layout-constrained\" style=\"margin-top:0;margin-bottom:0;padding-top:var(--wp--preset--spacing--50);padding-right:var(--wp--preset--spacing--50);padding-bottom:var(--wp--preset--spacing--50);padding-left:var(--wp--preset--spacing--50)\">\n<div class=\"wp-block-columns alignwide is-layout-flex wp-container-core-columns-is-layout-549b0c86 wp-block-columns-is-layout-flex\">\n<div class=\"wp-block-column has-global-padding is-content-justification-left is-layout-constrained wp-container-core-column-is-layout-4f15e8fe wp-block-column-is-layout-constrained\" style=\"flex-basis:40%\">\n<p>Dise\u00f1o web, community management, Google Ads, Meta Ads, SEO, aplicaciones a medida, desarrollo inform\u00e1tico y mucho m\u00e1s.<\/p>\n<\/div>\n\n\n\n<div class=\"wp-block-column is-layout-flow wp-container-core-column-is-layout-119bc444 wp-block-column-is-layout-flow\" style=\"flex-basis:60%\">\n<p class=\"has-heading-font-family has-x-large-font-size\" style=\"line-height:1.2\">Darle un impulso a las ventas de nuestros clientes mediante el marketing digital nos apasiona cada d\u00eda m\u00e1s.<\/p>\n\n\n\n<div class=\"wp-block-columns is-layout-flex wp-container-core-columns-is-layout-87beb0d0 wp-block-columns-is-layout-flex\">\n<div class=\"wp-block-column is-layout-flow wp-block-column-is-layout-flow\">\n<p class=\"wp-container-content-9cfa9a5a\">Impulsar tus ventas mediante campa\u00f1as de publicidad, dirige tr\u00e1fico de clientes segmentados hacia tu web para que te contacten m\u00e1s y m\u00e1s cada d\u00eda.<\/p>\n<\/div>\n\n\n\n<div class=\"wp-block-column is-layout-flow wp-block-column-is-layout-flow\">\n<p>Si cada euro invertido en publicad SpinnakerED te supone 10 euros en ventas est\u00e1 claro que tienes que trabajar m\u00e1s con nosotros!<\/p>\n<\/div>\n<\/div>\n<\/div>\n<\/div>\n<\/div>\n\n\n\n<div class=\"wp-block-group alignfull has-accent-5-background-color has-background has-global-padding is-layout-constrained wp-container-core-group-is-layout-d89aad35 wp-block-group-is-layout-constrained\" style=\"margin-top:0;margin-bottom:0;padding-top:var(--wp--preset--spacing--50);padding-right:var(--wp--preset--spacing--50);padding-bottom:var(--wp--preset--spacing--50);padding-left:var(--wp--preset--spacing--50)\">\n<div class=\"wp-block-columns alignwide is-layout-flex wp-container-core-columns-is-layout-1da03c2a wp-block-columns-is-layout-flex\">\n<div class=\"wp-block-column is-vertically-aligned-center is-layout-flow wp-block-column-is-layout-flow\" style=\"flex-basis:60%\">\n<figure class=\"wp-block-image size-full is-style-rounded wp-duotone-duotone-1 is-style-rounded--2\"><img loading=\"lazy\" decoding=\"async\" width=\"500\" height=\"500\" src=\"https:\/\/spinnakered.com\/wp-content\/uploads\/2025\/08\/Diseno-sin-titulo-11.png\" alt=\"\" class=\"wp-image-95\" style=\"aspect-ratio:4\/3;object-fit:cover\" srcset=\"https:\/\/spinnakered.com\/wp-content\/uploads\/2025\/08\/Diseno-sin-titulo-11.png 500w, https:\/\/spinnakered.com\/wp-content\/uploads\/2025\/08\/Diseno-sin-titulo-11-300x300.png 300w, https:\/\/spinnakered.com\/wp-content\/uploads\/2025\/08\/Diseno-sin-titulo-11-150x150.png 150w\" sizes=\"auto, (max-width: 500px) 100vw, 500px\" \/><\/figure>\n<\/div>\n\n\n\n<div class=\"wp-block-column is-layout-flow wp-block-column-is-layout-flow\" style=\"flex-basis:40%\">\n<h2 class=\"wp-block-heading\">Guiando a tu empresa a trav\u00e9s del crecimiento<\/h2>\n\n\n\n<p>Con el marketing de SpinnakerED crecer\u00e1s como la espuma, nuestros profesionales te acompa\u00f1ar\u00e1n en el reto operativo de aumentar ventas, trabajadores, m\u00e1rgenes y clientes. Somos expertos en procedimientos operativos. Todo ese trabajo lo hacemos por t\u00ed.<\/p>\n<\/div>\n<\/div>\n<\/div>\n\n\n\n<p><\/p>\n","protected":false},"excerpt":{"rendered":"<p>SpinnakerED te permite librarte de actualizar cada d\u00eda tus redes sociales y potencia ese plano de ingresos de tu negocio forzando tr\u00e1fico a trav\u00e9s de tus redes y p\u00e1gina web, conf\u00eda en un dise\u00f1o pro. Te escuchamos y corregimos rumbo para que tu web y tus redes reflejen lo que quieres! Dise\u00f1o web, community management, [&hellip;]<\/p>\n","protected":false},"author":1,"featured_media":0,"parent":0,"menu_order":3,"comment_status":"closed","ping_status":"closed","template":"","meta":{"footnotes":""},"class_list":["post-50","page","type-page","status-publish","hentry"],"_links":{"self":[{"href":"https:\/\/spinnakered.com\/index.php\/wp-json\/wp\/v2\/pages\/50","targetHints":{"allow":["GET"]}}],"collection":[{"href":"https:\/\/spinnakered.com\/index.php\/wp-json\/wp\/v2\/pages"}],"about":[{"href":"https:\/\/spinnakered.com\/index.php\/wp-json\/wp\/v2\/types\/page"}],"author":[{"embeddable":true,"href":"https:\/\/spinnakered.com\/index.php\/wp-json\/wp\/v2\/users\/1"}],"replies":[{"embeddable":true,"href":"https:\/\/spinnakered.com\/index.php\/wp-json\/wp\/v2\/comments?post=50"}],"version-history":[{"count":8,"href":"https:\/\/spinnakered.com\/index.php\/wp-json\/wp\/v2\/pages\/50\/revisions"}],"predecessor-version":[{"id":99,"href":"https:\/\/spinnakered.com\/index.php\/wp-json\/wp\/v2\/pages\/50\/revisions\/99"}],"wp:attachment":[{"href":"https:\/\/spinnakered.com\/index.php\/wp-json\/wp\/v2\/media?parent=50"}],"curies":[{"name":"wp","href":"https:\/\/api.w.org\/{rel}","templated":true}]}}